{"id":487,"date":"2021-04-29T07:04:54","date_gmt":"2021-04-29T07:04:54","guid":{"rendered":"https:\/\/javet.es\/index.php\/services\/"},"modified":"2025-01-18T12:47:33","modified_gmt":"2025-01-18T12:47:33","slug":"servicios","status":"publish","type":"page","link":"https:\/\/javet.es\/index.php\/servicios\/","title":{"rendered":"Servicios"},"content":{"rendered":"\t\t<div data-elementor-type=\"wp-page\" data-elementor-id=\"487\" class=\"elementor elementor-487\" data-elementor-post-type=\"page\">\n\t\t\t\t<div data-particle_enable=\"false\" data-particle-mobile-disabled=\"false\" class=\"elementor-element elementor-element-00c33f6 e-flex e-con-boxed e-con e-parent\" data-id=\"00c33f6\" data-element_type=\"container\" data-e-type=\"container\">\n\t\t\t\t\t<div class=\"e-con-inner\">\n\t\t\t\t\t<\/div>\n\t\t\t\t<\/div>\n\t\t\t\t<section data-particle_enable=\"false\" data-particle-mobile-disabled=\"false\" class=\"elementor-section elementor-top-section elementor-element elementor-element-ce0d78f elementor-section-content-middle elementor-section-height-min-height elementor-section-boxed elementor-section-height-default elementor-section-items-middle\" data-id=\"ce0d78f\" data-element_type=\"section\" data-e-type=\"section\" data-settings=\"{&quot;background_background&quot;:&quot;classic&quot;}\">\n\t\t\t\t\t\t\t<div class=\"elementor-background-overlay\"><\/div>\n\t\t\t\t\t\t\t<div class=\"elementor-container elementor-column-gap-default\">\n\t\t\t\t\t<div class=\"elementor-column elementor-col-100 elementor-top-column elementor-element elementor-element-65935f8\" data-id=\"65935f8\" data-element_type=\"column\" data-e-type=\"column\">\n\t\t\t<div class=\"elementor-widget-wrap elementor-element-populated\">\n\t\t\t\t\t\t<div class=\"elementor-element elementor-element-b9db482 elementor-widget elementor-widget-heading\" data-id=\"b9db482\" data-element_type=\"widget\" data-e-type=\"widget\" data-widget_type=\"heading.default\">\n\t\t\t\t<div class=\"elementor-widget-container\">\n\t\t\t\t\t<h6 class=\"elementor-heading-title elementor-size-small\">Servicios ofertados<\/h6>\t\t\t\t<\/div>\n\t\t\t\t<\/div>\n\t\t\t\t\t<\/div>\n\t\t<\/div>\n\t\t\t\t\t<\/div>\n\t\t<\/section>\n\t\t<div data-particle_enable=\"false\" data-particle-mobile-disabled=\"false\" class=\"elementor-element elementor-element-b22f796 e-flex e-con-boxed e-con e-parent\" data-id=\"b22f796\" data-element_type=\"container\" data-e-type=\"container\">\n\t\t\t\t\t<div class=\"e-con-inner\">\n\t\t\t\t<div class=\"elementor-element elementor-element-837a733 elementor-grid-3 elementor-grid-tablet-2 elementor-grid-mobile-1 elementor-posts--thumbnail-top elementor-card-shadow-yes elementor-posts__hover-gradient elementor-widget elementor-widget-posts\" data-id=\"837a733\" data-element_type=\"widget\" data-e-type=\"widget\" data-settings=\"{&quot;cards_columns&quot;:&quot;3&quot;,&quot;cards_columns_tablet&quot;:&quot;2&quot;,&quot;cards_columns_mobile&quot;:&quot;1&quot;,&quot;cards_row_gap&quot;:{&quot;unit&quot;:&quot;px&quot;,&quot;size&quot;:35,&quot;sizes&quot;:[]},&quot;cards_row_gap_tablet&quot;:{&quot;unit&quot;:&quot;px&quot;,&quot;size&quot;:&quot;&quot;,&quot;sizes&quot;:[]},&quot;cards_row_gap_mobile&quot;:{&quot;unit&quot;:&quot;px&quot;,&quot;size&quot;:&quot;&quot;,&quot;sizes&quot;:[]}}\" data-widget_type=\"posts.cards\">\n\t\t\t\t<div class=\"elementor-widget-container\">\n\t\t\t\t\t\t\t<div class=\"elementor-posts-container elementor-posts elementor-posts--skin-cards elementor-grid\" role=\"list\">\r\n\t\t\t\t<article class=\"elementor-post elementor-grid-item post-778 post type-post status-publish format-standard has-post-thumbnail hentry category-servicio\" role=\"listitem\">\r\n\t\t\t<div class=\"elementor-post__card\">\r\n\t\t\t\t<a class=\"elementor-post__thumbnail__link\" href=\"https:\/\/javet.es\/index.php\/2023\/06\/19\/vacunas-2\/\" tabindex=\"-1\" ><div class=\"elementor-post__thumbnail\"><img fetchpriority=\"high\" decoding=\"async\" width=\"275\" height=\"183\" src=\"https:\/\/javet.es\/wp-content\/uploads\/2023\/06\/vacunas.webp\" class=\"attachment-medium size-medium wp-image-680\" alt=\"\" \/><\/div><\/a>\r\n\t\t\t\t<div class=\"elementor-post__text\">\r\n\t\t\t\t<h3 class=\"elementor-post__title\">\r\n\t\t\t<a href=\"https:\/\/javet.es\/index.php\/2023\/06\/19\/vacunas-2\/\" >\r\n\t\t\t\tVacunas\t\t\t<\/a>\r\n\t\t<\/h3>\r\n\t\t\t\t<div class=\"elementor-post__excerpt\">\r\n\t\t\t<p>La vacunaci\u00f3n constituye una pr\u00e1ctica sanitaria que se realizar\u00e1 a su mascota a lo largo de toda su vida. El protocolo que debemos aplicar var\u00eda en funci\u00f3n de diversos aspectos: medioambientales, caracter\u00edsticas individuales, edad, estado sanitario, riesgos epidemiol\u00f3gicos y resto de tratamientos preventivos recibidos.<\/p>\n\t\t<\/div>\r\n\t\t\t\t<\/div>\r\n\t\t\t\t\t<\/div>\r\n\t\t<\/article>\r\n\t\t\t\t<article class=\"elementor-post elementor-grid-item post-774 post type-post status-publish format-standard has-post-thumbnail hentry category-servicio\" role=\"listitem\">\r\n\t\t\t<div class=\"elementor-post__card\">\r\n\t\t\t\t<a class=\"elementor-post__thumbnail__link\" href=\"https:\/\/javet.es\/index.php\/2023\/06\/19\/vacunas\/\" tabindex=\"-1\" ><div class=\"elementor-post__thumbnail\"><img decoding=\"async\" width=\"225\" height=\"225\" src=\"https:\/\/javet.es\/wp-content\/uploads\/2023\/06\/emergencias.png\" class=\"attachment-medium size-medium wp-image-79\" alt=\"URGENCIAS\" srcset=\"https:\/\/javet.es\/wp-content\/uploads\/2023\/06\/emergencias.png 225w, https:\/\/javet.es\/wp-content\/uploads\/2023\/06\/emergencias-150x150.png 150w\" sizes=\"(max-width: 225px) 100vw, 225px\" \/><\/div><\/a>\r\n\t\t\t\t<div class=\"elementor-post__text\">\r\n\t\t\t\t<h3 class=\"elementor-post__title\">\r\n\t\t\t<a href=\"https:\/\/javet.es\/index.php\/2023\/06\/19\/vacunas\/\" >\r\n\t\t\t\tURGENCIAS\t\t\t<\/a>\r\n\t\t<\/h3>\r\n\t\t\t\t<div class=\"elementor-post__excerpt\">\r\n\t\t\t<p>Estamos localizables para prestar un servicio que pueda salvar la vida de su mascota.<\/p>\n\t\t<\/div>\r\n\t\t\t\t<\/div>\r\n\t\t\t\t\t<\/div>\r\n\t\t<\/article>\r\n\t\t\t\t<article class=\"elementor-post elementor-grid-item post-794 post type-post status-publish format-standard has-post-thumbnail hentry category-servicio\" role=\"listitem\">\r\n\t\t\t<div class=\"elementor-post__card\">\r\n\t\t\t\t<a class=\"elementor-post__thumbnail__link\" href=\"https:\/\/javet.es\/index.php\/2023\/06\/19\/rx\/\" tabindex=\"-1\" ><div class=\"elementor-post__thumbnail\"><img decoding=\"async\" width=\"225\" height=\"225\" src=\"https:\/\/javet.es\/wp-content\/uploads\/2023\/06\/rx.webp\" class=\"attachment-medium size-medium wp-image-576\" alt=\"radiologia\" srcset=\"https:\/\/javet.es\/wp-content\/uploads\/2023\/06\/rx.webp 225w, https:\/\/javet.es\/wp-content\/uploads\/2023\/06\/rx-150x150.webp 150w\" sizes=\"(max-width: 225px) 100vw, 225px\" \/><\/div><\/a>\r\n\t\t\t\t<div class=\"elementor-post__text\">\r\n\t\t\t\t<h3 class=\"elementor-post__title\">\r\n\t\t\t<a href=\"https:\/\/javet.es\/index.php\/2023\/06\/19\/rx\/\" >\r\n\t\t\t\tRadiolog\u00eda\t\t\t<\/a>\r\n\t\t<\/h3>\r\n\t\t\t\t<div class=\"elementor-post__excerpt\">\r\n\t\t\t<p>Disponemos de servicio de radiolog\u00eda digital, para la realizaci\u00f3n de las pruebas necesarias para sus mascotas en caso de necesidad.<\/p>\n\t\t<\/div>\r\n\t\t\t\t<\/div>\r\n\t\t\t\t\t<\/div>\r\n\t\t<\/article>\r\n\t\t\t\t<article class=\"elementor-post elementor-grid-item post-796 post type-post status-publish format-standard has-post-thumbnail hentry category-servicio\" role=\"listitem\">\r\n\t\t\t<div class=\"elementor-post__card\">\r\n\t\t\t\t<a class=\"elementor-post__thumbnail__link\" href=\"https:\/\/javet.es\/index.php\/2023\/06\/19\/bucal\/\" tabindex=\"-1\" ><div class=\"elementor-post__thumbnail\"><img loading=\"lazy\" decoding=\"async\" width=\"299\" height=\"169\" src=\"https:\/\/javet.es\/wp-content\/uploads\/2023\/06\/bucal.webp\" class=\"attachment-medium size-medium wp-image-809\" alt=\"dientes\" \/><\/div><\/a>\r\n\t\t\t\t<div class=\"elementor-post__text\">\r\n\t\t\t\t<h3 class=\"elementor-post__title\">\r\n\t\t\t<a href=\"https:\/\/javet.es\/index.php\/2023\/06\/19\/bucal\/\" >\r\n\t\t\t\tOdontolog\u00eda\t\t\t<\/a>\r\n\t\t<\/h3>\r\n\t\t\t\t<div class=\"elementor-post__excerpt\">\r\n\t\t\t<p>Empleamos t\u00e9cnicas de \u00faltima generaci\u00f3n para la limpieza bucal de su mascota antes de que degenere en problemas de salud para su mascota.<\/p>\n\t\t<\/div>\r\n\t\t\t\t<\/div>\r\n\t\t\t\t\t<\/div>\r\n\t\t<\/article>\r\n\t\t\t\t<article class=\"elementor-post elementor-grid-item post-684 post type-post status-publish format-standard has-post-thumbnail hentry category-servicio\" role=\"listitem\">\r\n\t\t\t<div class=\"elementor-post__card\">\r\n\t\t\t\t<a class=\"elementor-post__thumbnail__link\" href=\"https:\/\/javet.es\/index.php\/2023\/06\/17\/microchips\/\" tabindex=\"-1\" ><div class=\"elementor-post__thumbnail\"><img loading=\"lazy\" decoding=\"async\" width=\"300\" height=\"142\" src=\"https:\/\/javet.es\/wp-content\/uploads\/2023\/06\/microchip-gato-300x142.webp\" class=\"attachment-medium size-medium wp-image-686\" alt=\"identificar\" srcset=\"https:\/\/javet.es\/wp-content\/uploads\/2023\/06\/microchip-gato-300x142.webp 300w, https:\/\/javet.es\/wp-content\/uploads\/2023\/06\/microchip-gato.webp 550w\" sizes=\"(max-width: 300px) 100vw, 300px\" \/><\/div><\/a>\r\n\t\t\t\t<div class=\"elementor-post__text\">\r\n\t\t\t\t<h3 class=\"elementor-post__title\">\r\n\t\t\t<a href=\"https:\/\/javet.es\/index.php\/2023\/06\/17\/microchips\/\" >\r\n\t\t\t\tMicrochips\t\t\t<\/a>\r\n\t\t<\/h3>\r\n\t\t\t\t<div class=\"elementor-post__excerpt\">\r\n\t\t\t<p>Tener identificada a nuestra mascota es muy importante ya que en caso de perdida nos pueden localizar para su regreso a casa.<\/p>\n\t\t<\/div>\r\n\t\t\t\t<\/div>\r\n\t\t\t\t\t<\/div>\r\n\t\t<\/article>\r\n\t\t\t\t<article class=\"elementor-post elementor-grid-item post-786 post type-post status-publish format-standard has-post-thumbnail hentry category-servicio\" role=\"listitem\">\r\n\t\t\t<div class=\"elementor-post__card\">\r\n\t\t\t\t<a class=\"elementor-post__thumbnail__link\" href=\"https:\/\/javet.es\/index.php\/2023\/06\/19\/hospital\/\" tabindex=\"-1\" ><div class=\"elementor-post__thumbnail\"><img loading=\"lazy\" decoding=\"async\" width=\"194\" height=\"259\" src=\"https:\/\/javet.es\/wp-content\/uploads\/2023\/06\/hospitalizacion.webp\" class=\"attachment-medium size-medium wp-image-789\" alt=\"hospital\" \/><\/div><\/a>\r\n\t\t\t\t<div class=\"elementor-post__text\">\r\n\t\t\t\t<h3 class=\"elementor-post__title\">\r\n\t\t\t<a href=\"https:\/\/javet.es\/index.php\/2023\/06\/19\/hospital\/\" >\r\n\t\t\t\tHospital\t\t\t<\/a>\r\n\t\t<\/h3>\r\n\t\t\t\t<div class=\"elementor-post__excerpt\">\r\n\t\t\t<p>En caso necesario disponemos de las instalaciones para hospitalizar a sus mascotas con las \u00faltimas t\u00e9cnicas en atenci\u00f3n y vigilancia del hospitalizado.<\/p>\n\t\t<\/div>\r\n\t\t\t\t<\/div>\r\n\t\t\t\t\t<\/div>\r\n\t\t<\/article>\r\n\t\t\t\t<article class=\"elementor-post elementor-grid-item post-768 post type-post status-publish format-standard has-post-thumbnail hentry category-servicio\" role=\"listitem\">\r\n\t\t\t<div class=\"elementor-post__card\">\r\n\t\t\t\t<a class=\"elementor-post__thumbnail__link\" href=\"https:\/\/javet.es\/index.php\/2023\/06\/19\/consulta\/\" tabindex=\"-1\" ><div class=\"elementor-post__thumbnail\"><img loading=\"lazy\" decoding=\"async\" width=\"275\" height=\"183\" src=\"https:\/\/javet.es\/wp-content\/uploads\/2023\/06\/consulta-1.webp\" class=\"attachment-medium size-medium wp-image-575\" alt=\"consulta\" \/><\/div><\/a>\r\n\t\t\t\t<div class=\"elementor-post__text\">\r\n\t\t\t\t<h3 class=\"elementor-post__title\">\r\n\t\t\t<a href=\"https:\/\/javet.es\/index.php\/2023\/06\/19\/consulta\/\" >\r\n\t\t\t\tConsulta\t\t\t<\/a>\r\n\t\t<\/h3>\r\n\t\t\t\t<div class=\"elementor-post__excerpt\">\r\n\t\t\t<p>En nuestra consulta podemos atenderles e informarles de cualquier problema que surja con su mascota, realizaremos un reconocimiento previo y todas las pruebas diagnosticas necesarias para cuidar de la salud de sus mascotas.<\/p>\n\t\t<\/div>\r\n\t\t\t\t<\/div>\r\n\t\t\t\t\t<\/div>\r\n\t\t<\/article>\r\n\t\t\t\t<article class=\"elementor-post elementor-grid-item post-804 post type-post status-publish format-standard has-post-thumbnail hentry category-servicio\" role=\"listitem\">\r\n\t\t\t<div class=\"elementor-post__card\">\r\n\t\t\t\t<a class=\"elementor-post__thumbnail__link\" href=\"https:\/\/javet.es\/index.php\/2023\/06\/19\/etologia\/\" tabindex=\"-1\" ><div class=\"elementor-post__thumbnail\"><img loading=\"lazy\" decoding=\"async\" width=\"300\" height=\"200\" src=\"https:\/\/javet.es\/wp-content\/uploads\/2023\/06\/comportamiento-300x200.webp\" class=\"attachment-medium size-medium wp-image-815\" alt=\"etologia\" srcset=\"https:\/\/javet.es\/wp-content\/uploads\/2023\/06\/comportamiento-300x200.webp 300w, https:\/\/javet.es\/wp-content\/uploads\/2023\/06\/comportamiento.webp 600w\" sizes=\"(max-width: 300px) 100vw, 300px\" \/><\/div><\/a>\r\n\t\t\t\t<div class=\"elementor-post__text\">\r\n\t\t\t\t<h3 class=\"elementor-post__title\">\r\n\t\t\t<a href=\"https:\/\/javet.es\/index.php\/2023\/06\/19\/etologia\/\" >\r\n\t\t\t\tComportamiento\t\t\t<\/a>\r\n\t\t<\/h3>\r\n\t\t\t\t<div class=\"elementor-post__excerpt\">\r\n\t\t\t<p>Tratamos todo tipo de desviaci\u00f3n de conductas. El comportamiento de los animales en sus medios naturales, en situaci\u00f3n de libertad. <\/p>\n\t\t<\/div>\r\n\t\t\t\t<\/div>\r\n\t\t\t\t\t<\/div>\r\n\t\t<\/article>\r\n\t\t\t\t<article class=\"elementor-post elementor-grid-item post-800 post type-post status-publish format-standard has-post-thumbnail hentry category-servicio\" role=\"listitem\">\r\n\t\t\t<div class=\"elementor-post__card\">\r\n\t\t\t\t<a class=\"elementor-post__thumbnail__link\" href=\"https:\/\/javet.es\/index.php\/2023\/06\/19\/tienda\/\" tabindex=\"-1\" ><div class=\"elementor-post__thumbnail\"><img loading=\"lazy\" decoding=\"async\" width=\"254\" height=\"254\" src=\"https:\/\/javet.es\/wp-content\/uploads\/2023\/06\/arnes4.webp\" class=\"attachment-medium size-medium wp-image-812\" alt=\"arnes\" srcset=\"https:\/\/javet.es\/wp-content\/uploads\/2023\/06\/arnes4.webp 254w, https:\/\/javet.es\/wp-content\/uploads\/2023\/06\/arnes4-150x150.webp 150w\" sizes=\"(max-width: 254px) 100vw, 254px\" \/><\/div><\/a>\r\n\t\t\t\t<div class=\"elementor-post__text\">\r\n\t\t\t\t<h3 class=\"elementor-post__title\">\r\n\t\t\t<a href=\"https:\/\/javet.es\/index.php\/2023\/06\/19\/tienda\/\" >\r\n\t\t\t\tComplementos\t\t\t<\/a>\r\n\t\t<\/h3>\r\n\t\t\t\t<div class=\"elementor-post__excerpt\">\r\n\t\t\t<p>En nuestra tienda podr\u00e1 encontrar todos los complementos necesarios para su mascota, collares, correas, protecci\u00f3n para viajar en veh\u00edculos, trasportines, etc<\/p>\n\t\t<\/div>\r\n\t\t\t\t<\/div>\r\n\t\t\t\t\t<\/div>\r\n\t\t<\/article>\r\n\t\t\t\t<article class=\"elementor-post elementor-grid-item post-660 post type-post status-publish format-standard has-post-thumbnail hentry category-servicio\" role=\"listitem\">\r\n\t\t\t<div class=\"elementor-post__card\">\r\n\t\t\t\t<a class=\"elementor-post__thumbnail__link\" href=\"https:\/\/javet.es\/index.php\/2023\/06\/17\/cirugias\/\" tabindex=\"-1\" ><div class=\"elementor-post__thumbnail\"><img loading=\"lazy\" decoding=\"async\" width=\"259\" height=\"194\" src=\"https:\/\/javet.es\/wp-content\/uploads\/2023\/06\/cirugia.webp\" class=\"attachment-medium size-medium wp-image-662\" alt=\"cirugias\" \/><\/div><\/a>\r\n\t\t\t\t<div class=\"elementor-post__text\">\r\n\t\t\t\t<h3 class=\"elementor-post__title\">\r\n\t\t\t<a href=\"https:\/\/javet.es\/index.php\/2023\/06\/17\/cirugias\/\" >\r\n\t\t\t\tCirug\u00edas\t\t\t<\/a>\r\n\t\t<\/h3>\r\n\t\t\t\t<div class=\"elementor-post__excerpt\">\r\n\t\t\t<p>Estamos especializados en cirug\u00eda de tejidos blandos y para atender cualquier dolecia que le pueda sobrevenir a sus mascotas.<\/p>\n\t\t<\/div>\r\n\t\t\t\t<\/div>\r\n\t\t\t\t\t<\/div>\r\n\t\t<\/article>\r\n\t\t\t\t<article class=\"elementor-post elementor-grid-item post-792 post type-post status-publish format-standard has-post-thumbnail hentry category-servicio\" role=\"listitem\">\r\n\t\t\t<div class=\"elementor-post__card\">\r\n\t\t\t\t<a class=\"elementor-post__thumbnail__link\" href=\"https:\/\/javet.es\/index.php\/2023\/06\/19\/cardio\/\" tabindex=\"-1\" ><div class=\"elementor-post__thumbnail\"><img loading=\"lazy\" decoding=\"async\" width=\"236\" height=\"213\" src=\"https:\/\/javet.es\/wp-content\/uploads\/2023\/06\/cardio.webp\" class=\"attachment-medium size-medium wp-image-806\" alt=\"crdiologia\" \/><\/div><\/a>\r\n\t\t\t\t<div class=\"elementor-post__text\">\r\n\t\t\t\t<h3 class=\"elementor-post__title\">\r\n\t\t\t<a href=\"https:\/\/javet.es\/index.php\/2023\/06\/19\/cardio\/\" >\r\n\t\t\t\tCardiolog\u00eda\t\t\t<\/a>\r\n\t\t<\/h3>\r\n\t\t\t\t<div class=\"elementor-post__excerpt\">\r\n\t\t\t<p>Prevenci\u00f3n, Control y Funcionamiento del sistema cardiovascular de su mascota a trav\u00e9s de Ec\u00f3grafo y Electrocardiograma.<\/p>\n\t\t<\/div>\r\n\t\t\t\t<\/div>\r\n\t\t\t\t\t<\/div>\r\n\t\t<\/article>\r\n\t\t\t\t<article class=\"elementor-post elementor-grid-item post-802 post type-post status-publish format-standard has-post-thumbnail hentry category-servicio\" role=\"listitem\">\r\n\t\t\t<div class=\"elementor-post__card\">\r\n\t\t\t\t<a class=\"elementor-post__thumbnail__link\" href=\"https:\/\/javet.es\/index.php\/2023\/06\/19\/lavado\/\" tabindex=\"-1\" ><div class=\"elementor-post__thumbnail\"><img loading=\"lazy\" decoding=\"async\" width=\"122\" height=\"130\" src=\"https:\/\/javet.es\/wp-content\/uploads\/2023\/06\/pelu.png\" class=\"attachment-medium size-medium wp-image-98\" alt=\"autolavado\" \/><\/div><\/a>\r\n\t\t\t\t<div class=\"elementor-post__text\">\r\n\t\t\t\t<h3 class=\"elementor-post__title\">\r\n\t\t\t<a href=\"https:\/\/javet.es\/index.php\/2023\/06\/19\/lavado\/\" >\r\n\t\t\t\tAuto-lavado\t\t\t<\/a>\r\n\t\t<\/h3>\r\n\t\t\t\t<div class=\"elementor-post__excerpt\">\r\n\t\t\t<p>Quiere disfrutar del momento del ba\u00f1o de su mascota?,con nuestro servicio de autolavado, puede usted mismo realizarlo sin necesidad de aportar nada m\u00e1s que la mascota, le dotamos de utiles necesarios para el lavado y secadado de su mascota a precios interesantes. Evite ensuciar su ba\u00f1o.!<\/p>\n\t\t<\/div>\r\n\t\t\t\t<\/div>\r\n\t\t\t\t\t<\/div>\r\n\t\t<\/article>\r\n\t\t\t\t<article class=\"elementor-post elementor-grid-item post-742 post type-post status-publish format-standard has-post-thumbnail hentry category-servicio\" role=\"listitem\">\r\n\t\t\t<div class=\"elementor-post__card\">\r\n\t\t\t\t<a class=\"elementor-post__thumbnail__link\" href=\"https:\/\/javet.es\/index.php\/2023\/06\/19\/anestesia\/\" tabindex=\"-1\" ><div class=\"elementor-post__thumbnail\"><img loading=\"lazy\" decoding=\"async\" width=\"179\" height=\"282\" src=\"https:\/\/javet.es\/wp-content\/uploads\/2023\/06\/anestesia.webp\" class=\"attachment-medium size-medium wp-image-766\" alt=\"\" \/><\/div><\/a>\r\n\t\t\t\t<div class=\"elementor-post__text\">\r\n\t\t\t\t<h3 class=\"elementor-post__title\">\r\n\t\t\t<a href=\"https:\/\/javet.es\/index.php\/2023\/06\/19\/anestesia\/\" >\r\n\t\t\t\tAnestesia\t\t\t<\/a>\r\n\t\t<\/h3>\r\n\t\t\t\t<div class=\"elementor-post__excerpt\">\r\n\t\t\t<p>Disponemos de maquinaria de anestesia inhalatoria por si fuese necesario realizar alguna cirug\u00eda o sedaci\u00f3n a su mascota.<\/p>\n\t\t<\/div>\r\n\t\t\t\t<\/div>\r\n\t\t\t\t\t<\/div>\r\n\t\t<\/article>\r\n\t\t\t\t<article class=\"elementor-post elementor-grid-item post-748 post type-post status-publish format-standard has-post-thumbnail hentry category-servicio\" role=\"listitem\">\r\n\t\t\t<div class=\"elementor-post__card\">\r\n\t\t\t\t<a class=\"elementor-post__thumbnail__link\" href=\"https:\/\/javet.es\/index.php\/2023\/06\/19\/analiticas\/\" tabindex=\"-1\" ><div class=\"elementor-post__thumbnail\"><img loading=\"lazy\" decoding=\"async\" width=\"275\" height=\"183\" src=\"https:\/\/javet.es\/wp-content\/uploads\/2023\/06\/analisis.webp\" class=\"attachment-medium size-medium wp-image-749\" alt=\"\" \/><\/div><\/a>\r\n\t\t\t\t<div class=\"elementor-post__text\">\r\n\t\t\t\t<h3 class=\"elementor-post__title\">\r\n\t\t\t<a href=\"https:\/\/javet.es\/index.php\/2023\/06\/19\/analiticas\/\" >\r\n\t\t\t\tAnal\u00edticas\t\t\t<\/a>\r\n\t\t<\/h3>\r\n\t\t\t\t<div class=\"elementor-post__excerpt\">\r\n\t\t\t<p>Disponemos del equipamamiento necesario para realizar las pruebas analiticas que sean necesarias realizar a su mascota, obtendremos los resultados en unos minutos y podremos realizar un mejor diagnostico de su dolencia.<\/p>\n\t\t<\/div>\r\n\t\t\t\t<\/div>\r\n\t\t\t\t\t<\/div>\r\n\t\t<\/article>\r\n\t\t\t\t<article class=\"elementor-post elementor-grid-item post-798 post type-post status-publish format-standard has-post-thumbnail hentry category-servicio\" role=\"listitem\">\r\n\t\t\t<div class=\"elementor-post__card\">\r\n\t\t\t\t<a class=\"elementor-post__thumbnail__link\" href=\"https:\/\/javet.es\/index.php\/2023\/06\/19\/alimentos\/\" tabindex=\"-1\" ><div class=\"elementor-post__thumbnail\"><img loading=\"lazy\" decoding=\"async\" width=\"225\" height=\"300\" src=\"https:\/\/javet.es\/wp-content\/uploads\/2023\/06\/tienda-225x300.png\" class=\"attachment-medium size-medium wp-image-578\" alt=\"\" srcset=\"https:\/\/javet.es\/wp-content\/uploads\/2023\/06\/tienda-225x300.png 225w, https:\/\/javet.es\/wp-content\/uploads\/2023\/06\/tienda.png 227w\" sizes=\"(max-width: 225px) 100vw, 225px\" \/><\/div><\/a>\r\n\t\t\t\t<div class=\"elementor-post__text\">\r\n\t\t\t\t<h3 class=\"elementor-post__title\">\r\n\t\t\t<a href=\"https:\/\/javet.es\/index.php\/2023\/06\/19\/alimentos\/\" >\r\n\t\t\t\tAlimentaci\u00f3n\t\t\t<\/a>\r\n\t\t<\/h3>\r\n\t\t\t\t<div class=\"elementor-post__excerpt\">\r\n\t\t\t<p>iene a su disposici\u00f3n piensos de todas las marcas y precios as\u00ed como dietas alimenticias necesarias para mejorar la salud de sus mascotas.<\/p>\n\t\t<\/div>\r\n\t\t\t\t<\/div>\r\n\t\t\t\t\t<\/div>\r\n\t\t<\/article>\r\n\t\t\t\t<\/div>\r\n\t\t\r\n\t\t\t\t\t\t<\/div>\n\t\t\t\t<\/div>\n\t\t\t\t\t<\/div>\n\t\t\t\t<\/div>\n\t\t\t\t<\/div>\n\t\t","protected":false},"excerpt":{"rendered":"<p>Servicios ofertados<\/p>\n","protected":false},"author":1,"featured_media":0,"parent":0,"menu_order":0,"comment_status":"closed","ping_status":"closed","template":"","meta":{"site-sidebar-layout":"no-sidebar","site-content-layout":"page-builder","ast-site-content-layout":"default","site-content-style":"default","site-sidebar-style":"default","ast-global-header-display":"","ast-banner-title-visibility":"","ast-main-header-display":"","ast-hfb-above-header-display":"","ast-hfb-below-header-display":"","ast-hfb-mobile-header-display":"","site-post-title":"disabled","ast-breadcrumbs-content":"","ast-featured-img":"disabled","footer-sml-layout":"","ast-disable-related-posts":"","theme-transparent-header-meta":"enabled","adv-header-id-meta":"","stick-header-meta":"","header-above-stick-meta":"","header-main-stick-meta":"","header-below-stick-meta":"","astra-migrate-meta-layouts":"default","ast-page-background-enabled":"default","ast-page-background-meta":{"desktop":{"background-color":"","background-image":"","background-repeat":"repeat","background-position":"center center","background-size":"auto","background-attachment":"scroll","background-type":"","background-media":"","overlay-type":"","overlay-color":"","overlay-opacity":"","overlay-gradient":""},"tablet":{"background-color":"","background-image":"","background-repeat":"repeat","background-position":"center center","background-size":"auto","background-attachment":"scroll","background-type":"","background-media":"","overlay-type":"","overlay-color":"","overlay-opacity":"","overlay-gradient":""},"mobile":{"background-color":"","background-image":"","background-repeat":"repeat","background-position":"center center","background-size":"auto","background-attachment":"scroll","background-type":"","background-media":"","overlay-type":"","overlay-color":"","overlay-opacity":"","overlay-gradient":""}},"ast-content-background-meta":{"desktop":{"background-color":"var(--ast-global-color-5)","background-image":"","background-repeat":"repeat","background-position":"center center","background-size":"auto","background-attachment":"scroll","background-type":"","background-media":"","overlay-type":"","overlay-color":"","overlay-opacity":"","overlay-gradient":""},"tablet":{"background-color":"var(--ast-global-color-5)","background-image":"","background-repeat":"repeat","background-position":"center center","background-size":"auto","background-attachment":"scroll","background-type":"","background-media":"","overlay-type":"","overlay-color":"","overlay-opacity":"","overlay-gradient":""},"mobile":{"background-color":"var(--ast-global-color-5)","background-image":"","background-repeat":"repeat","background-position":"center center","background-size":"auto","background-attachment":"scroll","background-type":"","background-media":"","overlay-type":"","overlay-color":"","overlay-opacity":"","overlay-gradient":""}},"footnotes":""},"class_list":["post-487","page","type-page","status-publish","hentry"],"_links":{"self":[{"href":"https:\/\/javet.es\/index.php\/wp-json\/wp\/v2\/pages\/487","targetHints":{"allow":["GET"]}}],"collection":[{"href":"https:\/\/javet.es\/index.php\/wp-json\/wp\/v2\/pages"}],"about":[{"href":"https:\/\/javet.es\/index.php\/wp-json\/wp\/v2\/types\/page"}],"author":[{"embeddable":true,"href":"https:\/\/javet.es\/index.php\/wp-json\/wp\/v2\/users\/1"}],"replies":[{"embeddable":true,"href":"https:\/\/javet.es\/index.php\/wp-json\/wp\/v2\/comments?post=487"}],"version-history":[{"count":1,"href":"https:\/\/javet.es\/index.php\/wp-json\/wp\/v2\/pages\/487\/revisions"}],"predecessor-version":[{"id":2273,"href":"https:\/\/javet.es\/index.php\/wp-json\/wp\/v2\/pages\/487\/revisions\/2273"}],"wp:attachment":[{"href":"https:\/\/javet.es\/index.php\/wp-json\/wp\/v2\/media?parent=487"}],"curies":[{"name":"wp","href":"https:\/\/api.w.org\/{rel}","templated":true}]}}