{"id":2298,"date":"2025-06-11T10:15:50","date_gmt":"2025-06-11T10:15:50","guid":{"rendered":"https:\/\/javet.es\/?page_id=2298"},"modified":"2025-06-11T10:22:59","modified_gmt":"2025-06-11T10:22:59","slug":"noticias","status":"publish","type":"page","link":"https:\/\/javet.es\/index.php\/noticias\/","title":{"rendered":"Noticias"},"content":{"rendered":"\t\t<div data-elementor-type=\"wp-page\" data-elementor-id=\"2298\" class=\"elementor elementor-2298\" data-elementor-post-type=\"page\">\n\t\t\t\t<div data-particle_enable=\"false\" data-particle-mobile-disabled=\"false\" class=\"elementor-element elementor-element-d1c58b7 e-flex e-con-boxed e-con e-parent\" data-id=\"d1c58b7\" data-element_type=\"container\" data-e-type=\"container\">\n\t\t\t\t\t<div class=\"e-con-inner\">\n\t\t\t\t<div class=\"elementor-element elementor-element-a5ee66f elementor-widget elementor-widget-eael-post-list\" data-id=\"a5ee66f\" data-element_type=\"widget\" data-e-type=\"widget\" data-widget_type=\"eael-post-list.default\">\n\t\t\t\t<div class=\"elementor-widget-container\">\n\t\t\t\t\t<div class=\"eael-post-list-container default layout-default\"><div class=\"eael-post-list-header\"><div class=\"header-title\">\n                            <h2 class=\"title\">Ultimas noticias<\/h2>\n                        <\/div><\/div><div class=\"eael-post-list-wrap\"><div class=\"eael-post-list-posts-wrap eael-post-appender eael-post-appender-a5ee66f\"><div class=\"eael-post-list-post \"><div class=\"eael-post-list-thumbnail \"><a href=\"https:\/\/javet.es\/index.php\/2025\/06\/10\/contra-el-rd-666\/\">\n                            <img decoding=\"async\" src=\"https:\/\/javet.es\/wp-content\/uploads\/2025\/06\/manif-8-j-724x1024.jpg\" alt=\"rd666\">\n                        <\/a><\/div><div class=\"eael-post-list-content\"><div class=\"meta-categories\"><a href=\"https:\/\/javet.es\/index.php\/category\/noticias\/\">Noticias<\/a><\/div><h2 class=\"eael-post-list-title\"><a href=\"https:\/\/javet.es\/index.php\/2025\/06\/10\/contra-el-rd-666\/\" >Contra el RD 666<\/a><\/h2><div class=\"meta\"><span class=\"eael-post-published-date\"><i class=\"far fa-calendar-alt\"><\/i> 10 de junio de 2025<\/span><\/div><p>Lo que est\u00e1 pasando. Una normativa que pone en riesgo la salud de tu mascota. Lo que Pedimos. Derogaci\u00f3n del RD 666-2023 y de PRESVET. Aplicar una normativa justa, cient\u00edfica...<\/p><a href=\"https:\/\/javet.es\/index.php\/2025\/06\/10\/contra-el-rd-666\/\" class=\"eael-post-elements-readmore-btn\"rel=\"nofollow\" target=\"_blank\">Leer m\u00e1s<\/a><\/div><\/div><div class=\"eael-post-list-post \"><div class=\"eael-post-list-thumbnail \"><a href=\"https:\/\/javet.es\/index.php\/2025\/06\/10\/panuelo-azul\/\">\n                            <img decoding=\"async\" src=\"https:\/\/javet.es\/wp-content\/uploads\/2025\/06\/panuelo-725x1024.jpg\" alt=\"pa\u00f1uelo\">\n                        <\/a><\/div><div class=\"eael-post-list-content\"><div class=\"meta-categories\"><a href=\"https:\/\/javet.es\/index.php\/category\/noticias\/\">Noticias<\/a><\/div><h2 class=\"eael-post-list-title\"><a href=\"https:\/\/javet.es\/index.php\/2025\/06\/10\/panuelo-azul\/\" >Pa\u00f1uelo Azul<\/a><\/h2><div class=\"meta\"><span class=\"eael-post-published-date\"><i class=\"far fa-calendar-alt\"><\/i> 10 de junio de 2025<\/span><\/div><p>En defensa de nuestros derechos profesionales y en defensa de la salud de vuestras mascotas, ACOMPA\u00d1ANOS el d\u00eda 8 de Junio. Manifestaci\u00f3n por la defensa del criterio profesional a la...<\/p><a href=\"https:\/\/javet.es\/index.php\/2025\/06\/10\/panuelo-azul\/\" class=\"eael-post-elements-readmore-btn\"rel=\"nofollow\" target=\"_blank\">Leer m\u00e1s<\/a><\/div><\/div><div class=\"eael-post-list-post \"><div class=\"eael-post-list-thumbnail \"><a href=\"https:\/\/javet.es\/index.php\/2025\/05\/29\/manifestacion-8-de-junio\/\">\n                            <img decoding=\"async\" src=\"https:\/\/javet.es\/wp-content\/uploads\/2025\/05\/MANI-682x1024.jpeg\" alt=\"mani 8\">\n                        <\/a><\/div><div class=\"eael-post-list-content\"><div class=\"meta-categories\"><a href=\"https:\/\/javet.es\/index.php\/category\/noticias\/\">Noticias<\/a><\/div><h2 class=\"eael-post-list-title\"><a href=\"https:\/\/javet.es\/index.php\/2025\/05\/29\/manifestacion-8-de-junio\/\" >Manifestaci\u00f3n 8 de Junio<\/a><\/h2><div class=\"meta\"><span class=\"eael-post-published-date\"><i class=\"far fa-calendar-alt\"><\/i> 29 de mayo de 2025<\/span><\/div><p><\/p><a href=\"https:\/\/javet.es\/index.php\/2025\/05\/29\/manifestacion-8-de-junio\/\" class=\"eael-post-elements-readmore-btn\"rel=\"nofollow\" target=\"_blank\">Leer m\u00e1s<\/a><\/div><\/div><\/div><\/div>\n\t\t<\/div><div data-nonce=\"184a9d5964\" class=\"post-list-pagination\" data-widget-id=\"a5ee66f\" data-widget=\"a5ee66f\" data-page-id=\"2298\" data-class=\"Essential_Addons_Elementor\\Pro\\Elements\\Post_List\" data-args=\"orderby=date&amp;order=desc&amp;ignore_sticky_posts=1&amp;post_status=publish&amp;posts_per_page=4&amp;offset=0&amp;post_type=post&amp;tax_query%5B0%5D%5Btaxonomy%5D=category&amp;tax_query%5B0%5D%5Bfield%5D=term_id&amp;tax_query%5B0%5D%5Bterms%5D%5B0%5D=34&amp;tax_query%5Brelation%5D=AND\" data-settings=\"eael_post_list_post_feature_image=yes&amp;eael_post_list_post_meta=yes&amp;eael_post_list_post_title=yes&amp;eael_post_list_post_excerpt=yes&amp;eael_post_list_post_excerpt_length=30&amp;eael_post_list_featured_area=yes&amp;eael_post_list_featured_meta=&amp;eael_post_list_featured_title=yes&amp;eael_post_list_featured_excerpt=yes&amp;eael_post_list_featured_excerpt_length=30&amp;featured_posts=&amp;eael_post_list_pagination=navigation&amp;eael_post_list_layout_type=default&amp;eael_post_list_post_cat=yes&amp;eael_post_list_title_tag=h2&amp;eael_show_read_more_button=yes&amp;eael_post_list_read_more_text=Leer+m%C3%A1s&amp;eael_post_list_excerpt_expanison_indicator=...&amp;eael_post_featured_image_size=large&amp;eael_post_list_show_last_modified=no\" data-page=\"1\" data-scroll-on-pagination=\"0\" data-scroll-offset=\"100\" data-template=\"{&quot;dir&quot;:&quot;pro&quot;,&quot;file_name&quot;:&quot;default.php&quot;,&quot;name&quot;:&quot;Post-List&quot;}\">\n            <button class=\"btn btn-prev-post\" id=\"post-nav-prev-a5ee66f\" disabled=\"true\" aria-label=\"previous\"><svg aria-hidden=\"true\" class=\"e-font-icon-svg e-fas-angle-left\" viewBox=\"0 0 256 512\" xmlns=\"http:\/\/www.w3.org\/2000\/svg\"><path d=\"M31.7 239l136-136c9.4-9.4 24.6-9.4 33.9 0l22.6 22.6c9.4 9.4 9.4 24.6 0 33.9L127.9 256l96.4 96.4c9.4 9.4 9.4 24.6 0 33.9L201.7 409c-9.4 9.4-24.6 9.4-33.9 0l-136-136c-9.5-9.4-9.5-24.6-.1-34z\"><\/path><\/svg><\/button><button class=\"btn btn-next-post\" id=\"post-nav-next-a5ee66f\" aria-label=\"next\"><svg aria-hidden=\"true\" class=\"e-font-icon-svg e-fas-angle-right\" viewBox=\"0 0 256 512\" xmlns=\"http:\/\/www.w3.org\/2000\/svg\"><path d=\"M224.3 273l-136 136c-9.4 9.4-24.6 9.4-33.9 0l-22.6-22.6c-9.4-9.4-9.4-24.6 0-33.9l96.4-96.4-96.4-96.4c-9.4-9.4-9.4-24.6 0-33.9L54.3 103c9.4-9.4 24.6-9.4 33.9 0l136 136c9.5 9.4 9.5 24.6.1 34z\"><\/path><\/svg><\/button>\n        <\/div>\t\t\t\t<\/div>\n\t\t\t\t<\/div>\n\t\t\t\t\t<\/div>\n\t\t\t\t<\/div>\n\t\t\t\t<\/div>\n\t\t","protected":false},"excerpt":{"rendered":"<p>Ultimas noticias Noticias En contra RD 666-2023 10 de junio de 2025 Leer m\u00e1s Noticias Contra el RD 666 10 de junio de 2025 Lo que est\u00e1 pasando. Una normativa que pone en riesgo la salud de tu mascota. Lo que Pedimos. Derogaci\u00f3n del RD 666-2023 y de PRESVET. Aplicar una normativa justa, cient\u00edfica&#8230; Leer [&hellip;]<\/p>\n","protected":false},"author":2,"featured_media":0,"parent":0,"menu_order":0,"comment_status":"closed","ping_status":"closed","template":"elementor_header_footer","meta":{"site-sidebar-layout":"no-sidebar","site-content-layout":"page-builder","ast-site-content-layout":"full-width-container","site-content-style":"default","site-sidebar-style":"default","ast-global-header-display":"","ast-banner-title-visibility":"","ast-main-header-display":"","ast-hfb-above-header-display":"","ast-hfb-below-header-display":"","ast-hfb-mobile-header-display":"","site-post-title":"disabled","ast-breadcrumbs-content":"","ast-featured-img":"disabled","footer-sml-layout":"","ast-disable-related-posts":"","theme-transparent-header-meta":"","adv-header-id-meta":"","stick-header-meta":"","header-above-stick-meta":"","header-main-stick-meta":"","header-below-stick-meta":"","astra-migrate-meta-layouts":"set","ast-page-background-enabled":"default","ast-page-background-meta":{"desktop":{"background-color":"","background-image":"","background-repeat":"repeat","background-position":"center center","background-size":"auto","background-attachment":"scroll","background-type":"","background-media":"","overlay-type":"","overlay-color":"","overlay-opacity":"","overlay-gradient":""},"tablet":{"background-color":"","background-image":"","background-repeat":"repeat","background-position":"center center","background-size":"auto","background-attachment":"scroll","background-type":"","background-media":"","overlay-type":"","overlay-color":"","overlay-opacity":"","overlay-gradient":""},"mobile":{"background-color":"","background-image":"","background-repeat":"repeat","background-position":"center center","background-size":"auto","background-attachment":"scroll","background-type":"","background-media":"","overlay-type":"","overlay-color":"","overlay-opacity":"","overlay-gradient":""}},"ast-content-background-meta":{"desktop":{"background-color":"var(--ast-global-color-5)","background-image":"","background-repeat":"repeat","background-position":"center center","background-size":"auto","background-attachment":"scroll","background-type":"","background-media":"","overlay-type":"","overlay-color":"","overlay-opacity":"","overlay-gradient":""},"tablet":{"background-color":"var(--ast-global-color-5)","background-image":"","background-repeat":"repeat","background-position":"center center","background-size":"auto","background-attachment":"scroll","background-type":"","background-media":"","overlay-type":"","overlay-color":"","overlay-opacity":"","overlay-gradient":""},"mobile":{"background-color":"var(--ast-global-color-5)","background-image":"","background-repeat":"repeat","background-position":"center center","background-size":"auto","background-attachment":"scroll","background-type":"","background-media":"","overlay-type":"","overlay-color":"","overlay-opacity":"","overlay-gradient":""}},"footnotes":""},"class_list":["post-2298","page","type-page","status-publish","hentry"],"_links":{"self":[{"href":"https:\/\/javet.es\/index.php\/wp-json\/wp\/v2\/pages\/2298","targetHints":{"allow":["GET"]}}],"collection":[{"href":"https:\/\/javet.es\/index.php\/wp-json\/wp\/v2\/pages"}],"about":[{"href":"https:\/\/javet.es\/index.php\/wp-json\/wp\/v2\/types\/page"}],"author":[{"embeddable":true,"href":"https:\/\/javet.es\/index.php\/wp-json\/wp\/v2\/users\/2"}],"replies":[{"embeddable":true,"href":"https:\/\/javet.es\/index.php\/wp-json\/wp\/v2\/comments?post=2298"}],"version-history":[{"count":1,"href":"https:\/\/javet.es\/index.php\/wp-json\/wp\/v2\/pages\/2298\/revisions"}],"predecessor-version":[{"id":2306,"href":"https:\/\/javet.es\/index.php\/wp-json\/wp\/v2\/pages\/2298\/revisions\/2306"}],"wp:attachment":[{"href":"https:\/\/javet.es\/index.php\/wp-json\/wp\/v2\/media?parent=2298"}],"curies":[{"name":"wp","href":"https:\/\/api.w.org\/{rel}","templated":true}]}}