{"id":22,"date":"2023-06-13T15:07:43","date_gmt":"2023-06-13T15:07:43","guid":{"rendered":"https:\/\/javet.es\/index.php\/aviso-legal\/"},"modified":"2024-07-03T19:01:01","modified_gmt":"2024-07-03T19:01:01","slug":"aviso-legal","status":"publish","type":"page","link":"https:\/\/javet.es\/index.php\/aviso-legal\/","title":{"rendered":"Aviso Legal"},"content":{"rendered":"\t\t<div data-elementor-type=\"wp-page\" data-elementor-id=\"22\" class=\"elementor elementor-22\" data-elementor-post-type=\"page\">\n\t\t\t\t<div data-particle_enable=\"false\" data-particle-mobile-disabled=\"false\" class=\"elementor-element elementor-element-94018f6 e-flex e-con-boxed e-con e-parent\" data-id=\"94018f6\" data-element_type=\"container\" data-e-type=\"container\">\n\t\t\t\t\t<div class=\"e-con-inner\">\n\t\t<div data-particle_enable=\"false\" data-particle-mobile-disabled=\"false\" class=\"elementor-element elementor-element-b9068c4 e-con-full e-flex e-con e-child\" data-id=\"b9068c4\" data-element_type=\"container\" data-e-type=\"container\">\n\t\t\t\t<div class=\"elementor-element elementor-element-6d199e8 elementor-widget elementor-widget-text-editor\" data-id=\"6d199e8\" data-element_type=\"widget\" data-e-type=\"widget\" data-widget_type=\"text-editor.default\">\n\t\t\t\t<div class=\"elementor-widget-container\">\n\t\t\t\t\t\t\t\t\t<p><\/p>\n<p><strong style=\"font-size: 16px;\">DATOS GENERALES<\/strong><\/p>\n<section id=\"aviso\">\n<div class=\"container\">\n<p align=\"justify\"><b>JULIO ALBERTO LI\u00c9BANAS ZAFRA<\/b> como titular del sitio web del <b>CENTRO VETERINARIO JAVET &#8211; JAVET.ES<\/b> y de acuerdo con el art\u00edculo 10 de la Ley 34\/2002, de 11 de julio, de Servicios de la Sociedad de la Informaci\u00f3n y de Comercio Electr\u00f3nico pone a su disposici\u00f3n los siguientes datos:<\/p>\n<p>Su nombre es: JULIO ALBERTO LI\u00c9BANAS ZAFRA<br \/>Su denominaci\u00f3n social es CENTRO VETERINARIO JAVET DE JA\u00c9N <br \/>Su NIF es 77350360-A<br \/>Su domicilio social est\u00e1 en calle Juan Montilla, 2 Bajo Comercial 2 CP 23002 JAEN<\/p>\n<p>CENTRO VETERINARIO JAVET DE JA\u00c9N informa que la Web www.javet.es tiene por objeto facilitar, al p\u00fablico en general, el conocimiento de las actividades que este CENTRO VETERINARIO JAVET DE JA\u00c9N realiza y de los productos y servicios que presta.<\/p>\n<p><strong>CONDICIONES DE USO<\/strong> <br \/>El acceso y utilizaci\u00f3n de este sitio Web le atribuye la condici\u00f3n de usuario, aceptando con dicho acceso las Condiciones de Uso expuestas a continuaci\u00f3n.<\/p>\n<p>Este sitio Web proporciona al usuario acceso a informaci\u00f3n y contenidos sobre los que el usuario asume la responsabilidad, extendi\u00e9ndose esta al proceso de registro que pudiera ser necesario para acceder a determinados servicios o contenidos.<\/p>\n<p>En el proceso de registro el usuario ser\u00e1 igualmente responsable de facilitar informaci\u00f3n veraz, leg\u00edtima y actualizada, as\u00ed como de hacer un uso diligente y confidencial de los datos de acceso proporcionados.<\/p>\n<p>El usuario se compromete a hacer un uso adecuado de la informaci\u00f3n, contenidos y servicios del presente sitio Web y en especial a no realizar ninguna acci\u00f3n que pudiera causar da\u00f1os f\u00edsicos o l\u00f3gicos al sistema as\u00ed como intentar acceder al mismo de modo fraudulento utilizando datos de acceso no autorizados.<\/p>\n<p><strong>RESPONSABILIDADES<\/strong> <br \/>Tanto el acceso a esta Web como el uso que pueda hacerse de la informaci\u00f3n contenida en el mismo es de la exclusiva responsabilidad de quien lo realiza. El usuario ser\u00e1 responsable de todas las acciones que realice con su identificador de usuario.<\/p>\n<p>En concreto, ser\u00e1 responsable de escoger, como clave y como recordatorio de la misma, contrase\u00f1as y frases robustas, esto es, cifras y letras e incluso, en los sistemas que lo permitan, signos de puntuaci\u00f3n y caracteres especiales, dif\u00edciles de adivinar. En especial, el usuario evitar\u00e1 escoger palabras del diccionario, palabras que est\u00e9n relacionadas con \u00e9l mismo (nombre de familiar, domicilio, fecha de nacimiento, etc.) o sencillas de adivinar (combinaciones de nombres con meses, prefijos y sufijos, etc.). CENTRO VETERINARIO JAVET DE JA\u00c9N no responder\u00e1 de ninguna consecuencia, da\u00f1o o perjuicio que pudieran derivarse de dicho acceso o uso de la informaci\u00f3n.<\/p>\n<p>CENTRO VETERINARIO JAVET DE JA\u00c9N se reserva el derecho de efectuar sin previo aviso y sin asumir alguna responsabilidad por ello las modificaciones que considere oportunas en su sitio Web, pudiendo cambiar, suprimir o a\u00f1adir tanto los contenidos y servicios que se presten a trav\u00e9s de la misma como la forma en la que \u00e9stos aparezcan presentados o localizados.<\/p>\n<p>Le comunicamos que cualquier precio u oferta que pueda ver en nuestra web ser\u00e1 solamente orientativo. Si el usuario desea saber con exactitud el precio de un producto o servicio deber\u00e1 contactar con CENTRO VETERINARIO JAVET DE JA\u00c9N para que le elabore un presupuesto.<\/p>\n<p>CENTRO VETERINARIO JAVET DE JA\u00c9N no garantiza la inexistencia de errores en el acceso a la Web, en su contenido, ni que \u00e9ste se encuentre actualizado, aunque desarrollar\u00e1 sus mejores esfuerzos para, en su caso, evitarlos, subsanarlos o actualizarlos.<\/p>\n<p>CENTRO VETERINARIO JAVET DE JA\u00c9N no se hace responsable, en ning\u00fan caso, de los da\u00f1os y perjuicios de cualquier naturaleza que pudieran ocasionar, a t\u00edtulo enunciativo: errores u omisiones en los contenidos, falta de disponibilidad del portal o la transmisi\u00f3n de virus o programas maliciosos o lesivos en los contenidos, a pesar de haber adoptado todas las medidas tecnol\u00f3gicas necesarias para evitarlo.<\/p>\n<p><strong>PROPIEDAD INTELECTUAL E INDUSTRIAL<\/strong> <br \/>CENTRO VETERINARIO JAVET DE JA\u00c9N es propietario o dispone de los debidos permisos relativos a los derechos de propiedad intelectual de este sitio Web y de los elementos contenidos en el mismo: textos, im\u00e1genes, sonidos, v\u00eddeos, marcas, logotipos, dise\u00f1o, etc. En virtud de lo dispuesto en los art\u00edculos 8 y 32.1 de la Ley de Propiedad Intelectual, quedan expresamente prohibidas la reproducci\u00f3n, la distribuci\u00f3n y la comunicaci\u00f3n p\u00fablica, incluida su modalidad de puesta a disposici\u00f3n, de la totalidad o parte de los contenidos de este sitio Web en cualquier soporte y por cualquier medio t\u00e9cnico, sin la autorizaci\u00f3n de CENTRO VETERINARIO JAVET DE JA\u00c9N y\/o de sus respectivos autores o titulares de los derechos.<\/p>\n<p>El usuario podr\u00e1 visualizar, imprimir, copiar y almacenar los elementos de este sitio Web siempre y cuando sea, \u00fanica y exclusivamente, para su uso personal y privado.<\/p>\n<p>La utilizaci\u00f3n no autorizada de la informaci\u00f3n contenida en esta Web, as\u00ed como la lesi\u00f3n de los derechos de Propiedad Intelectual o Industrial de JULIO ALBERTO LIEBANAS ZAFRA , dar\u00e1 lugar a las responsabilidades legalmente establecidas.<\/p>\n<p>Todos los productos y servicios de estas p\u00e1ginas que NO son propiedad de CENTRO VETERINARIO JAVET DE JA\u00c9N son marcas registradas por sus respectivos propietarios y son reconocidas como tales por nuestro CENTRO VETERINARIO JAVET DE JAEN. Solamente aparecen en la web de CENTRO VETERINARIO JAVET DE JA\u00c9N a efectos de promoci\u00f3n y de recopilaci\u00f3n de informaci\u00f3n. Estos propietarios pueden solicitar la modificaci\u00f3n o eliminaci\u00f3n de la informaci\u00f3n que les pertenece.<\/p>\n<p><strong>LEY APLICABLE Y JURISDICCI\u00d3N<\/strong> <br \/>El presente aviso legal y condiciones generales se rigen por la legislaci\u00f3n Espa\u00f1ola y cualquier tipo de controversia o litigio relativo al uso de este sitio Web ser\u00e1 interpretado conforme a las leyes vigentes en el lugar de residencia del propietario de este sitio web, teniendo competencia para la resoluci\u00f3n de todo litigio o conflicto que pueda surgir los Juzgados y Tribunales competentes dentro del \u00e1mbito territorial Espa\u00f1ol, renunciando expresamente el usuario a cualquier otro fuero.<\/p>\n<p>\u00a0<\/p>\n<\/div>\n<\/section>\n<p><\/p>\n<h5>Acerca de<\/h5>\n<ul class=\"list-unstyled text-small\">\n<li><a class=\"text-muted\" href=\"https:\/\/javet.es\/\">JAVET<\/a><\/li>\n<li><a class=\"text-muted\" href=\"https:\/\/javet.es\/index.php\/politica-privacidad\/\">Politica de Privacidad<\/a><\/li>\n<li><a class=\"text-muted\" href=\"https:\/\/javet.es\/index.php\/politica-de-cookies-ue\/\">Cookies<\/a><\/li>\n<\/ul>\n<p><\/p>\t\t\t\t\t\t\t\t<\/div>\n\t\t\t\t<\/div>\n\t\t\t\t<\/div>\n\t\t\t\t\t<\/div>\n\t\t\t\t<\/div>\n\t\t\t\t<\/div>\n\t\t","protected":false},"excerpt":{"rendered":"<p>Aviso Legal al visitar la web javet.es<\/p>\n","protected":false},"author":1,"featured_media":0,"parent":0,"menu_order":0,"comment_status":"closed","ping_status":"closed","template":"","meta":{"site-sidebar-layout":"default","site-content-layout":"","ast-site-content-layout":"default","site-content-style":"default","site-sidebar-style":"default","ast-global-header-display":"","ast-banner-title-visibility":"","ast-main-header-display":"","ast-hfb-above-header-display":"","ast-hfb-below-header-display":"","ast-hfb-mobile-header-display":"","site-post-title":"","ast-breadcrumbs-content":"","ast-featured-img":"","footer-sml-layout":"","ast-disable-related-posts":"","theme-transparent-header-meta":"","adv-header-id-meta":"","stick-header-meta":"","header-above-stick-meta":"","header-main-stick-meta":"","header-below-stick-meta":"","astra-migrate-meta-layouts":"default","ast-page-background-enabled":"default","ast-page-background-meta":{"desktop":{"background-color":"","background-image":"","background-repeat":"repeat","background-position":"center center","background-size":"auto","background-attachment":"scroll","background-type":"","background-media":"","overlay-type":"","overlay-color":"","overlay-opacity":"","overlay-gradient":""},"tablet":{"background-color":"","background-image":"","background-repeat":"repeat","background-position":"center center","background-size":"auto","background-attachment":"scroll","background-type":"","background-media":"","overlay-type":"","overlay-color":"","overlay-opacity":"","overlay-gradient":""},"mobile":{"background-color":"","background-image":"","background-repeat":"repeat","background-position":"center center","background-size":"auto","background-attachment":"scroll","background-type":"","background-media":"","overlay-type":"","overlay-color":"","overlay-opacity":"","overlay-gradient":""}},"ast-content-background-meta":{"desktop":{"background-color":"var(--ast-global-color-5)","background-image":"","background-repeat":"repeat","background-position":"center center","background-size":"auto","background-attachment":"scroll","background-type":"","background-media":"","overlay-type":"","overlay-color":"","overlay-opacity":"","overlay-gradient":""},"tablet":{"background-color":"var(--ast-global-color-5)","background-image":"","background-repeat":"repeat","background-position":"center center","background-size":"auto","background-attachment":"scroll","background-type":"","background-media":"","overlay-type":"","overlay-color":"","overlay-opacity":"","overlay-gradient":""},"mobile":{"background-color":"var(--ast-global-color-5)","background-image":"","background-repeat":"repeat","background-position":"center center","background-size":"auto","background-attachment":"scroll","background-type":"","background-media":"","overlay-type":"","overlay-color":"","overlay-opacity":"","overlay-gradient":""}},"footnotes":""},"class_list":["post-22","page","type-page","status-publish","hentry"],"_links":{"self":[{"href":"https:\/\/javet.es\/index.php\/wp-json\/wp\/v2\/pages\/22","targetHints":{"allow":["GET"]}}],"collection":[{"href":"https:\/\/javet.es\/index.php\/wp-json\/wp\/v2\/pages"}],"about":[{"href":"https:\/\/javet.es\/index.php\/wp-json\/wp\/v2\/types\/page"}],"author":[{"embeddable":true,"href":"https:\/\/javet.es\/index.php\/wp-json\/wp\/v2\/users\/1"}],"replies":[{"embeddable":true,"href":"https:\/\/javet.es\/index.php\/wp-json\/wp\/v2\/comments?post=22"}],"version-history":[{"count":1,"href":"https:\/\/javet.es\/index.php\/wp-json\/wp\/v2\/pages\/22\/revisions"}],"predecessor-version":[{"id":2248,"href":"https:\/\/javet.es\/index.php\/wp-json\/wp\/v2\/pages\/22\/revisions\/2248"}],"wp:attachment":[{"href":"https:\/\/javet.es\/index.php\/wp-json\/wp\/v2\/media?parent=22"}],"curies":[{"name":"wp","href":"https:\/\/api.w.org\/{rel}","templated":true}]}}